{"id":1759,"date":"2021-11-07T08:11:03","date_gmt":"2021-11-07T08:11:03","guid":{"rendered":"https:\/\/tourplan.devsite.nz\/?page_id=1759"},"modified":"2026-01-14T00:47:36","modified_gmt":"2026-01-14T00:47:36","slug":"solucion-para-companias-de-manejo-de-destinos","status":"publish","type":"page","link":"https:\/\/www.tourplan.com\/es\/soluciones\/solucion-para-companias-de-manejo-de-destinos\/","title":{"rendered":"Soluci\u00f3n para Compa\u00f1\u00edas de Manejo de Destinos"},"content":{"rendered":"","protected":false},"excerpt":{"rendered":"","protected":false},"author":2,"featured_media":0,"parent":1754,"menu_order":0,"comment_status":"closed","ping_status":"closed","template":"","meta":{"_acf_changed":false,"footnotes":""},"class_list":["post-1759","page","type-page","status-publish","hentry"],"acf":[],"_links":{"self":[{"href":"https:\/\/www.tourplan.com\/es\/wp-json\/wp\/v2\/pages\/1759","targetHints":{"allow":["GET"]}}],"collection":[{"href":"https:\/\/www.tourplan.com\/es\/wp-json\/wp\/v2\/pages"}],"about":[{"href":"https:\/\/www.tourplan.com\/es\/wp-json\/wp\/v2\/types\/page"}],"author":[{"embeddable":true,"href":"https:\/\/www.tourplan.com\/es\/wp-json\/wp\/v2\/users\/2"}],"replies":[{"embeddable":true,"href":"https:\/\/www.tourplan.com\/es\/wp-json\/wp\/v2\/comments?post=1759"}],"version-history":[{"count":8,"href":"https:\/\/www.tourplan.com\/es\/wp-json\/wp\/v2\/pages\/1759\/revisions"}],"predecessor-version":[{"id":5676,"href":"https:\/\/www.tourplan.com\/es\/wp-json\/wp\/v2\/pages\/1759\/revisions\/5676"}],"up":[{"embeddable":true,"href":"https:\/\/www.tourplan.com\/es\/wp-json\/wp\/v2\/pages\/1754"}],"wp:attachment":[{"href":"https:\/\/www.tourplan.com\/es\/wp-json\/wp\/v2\/media?parent=1759"}],"curies":[{"name":"wp","href":"https:\/\/api.w.org\/{rel}","templated":true}]}}